{"id":13,"date":"2020-08-31T20:29:48","date_gmt":"2020-08-31T23:29:48","guid":{"rendered":"https:\/\/helix.com.br\/helix\/procondutor\/?page_id=13"},"modified":"2022-02-16T17:18:32","modified_gmt":"2022-02-16T20:18:32","slug":"vitrine-cfc","status":"publish","type":"page","link":"https:\/\/helix.com.br\/helix\/procondutor\/vitrine-cfc\/","title":{"rendered":"Vitrine CFC"},"content":{"rendered":"<p>&gt;&gt;&nbsp; NOSSAS SOLU\u00c7\u00d5ES<\/p>\n<p>VITRINE CFC<\/p>\n<p>AL, PA, RS, RJ e SP<\/p>\n<p><img loading=\"lazy\" decoding=\"async\" width=\"20\" height=\"22\" src=\"https:\/\/helix.com.br\/helix\/procondutor\/wp-content\/uploads\/2020\/08\/seta.png\" alt=\"\" loading=\"lazy\"><\/p>\n<h1>Aumente o seu faturamento!<\/h1>\n<p>A Vitrine CFC \u00e9 um canal de vendas que permite que voc\u00ea crie sua loja dentro da maior plataforma de CFCs do Brasil!Ao se tornar nosso parceiro, voc\u00ea consegue expor e vender os cursos da Procondutor homologados no seu estado.<br \/>\n<a href=\"#\" role=\"button\"><br \/>\nCadastre o seu CFC<br \/>\n<\/a><br \/>\n<img loading=\"lazy\" decoding=\"async\" width=\"466\" height=\"370\" src=\"https:\/\/helix.com.br\/helix\/procondutor\/wp-content\/uploads\/2020\/09\/marketing_imagem.png\" alt=\"\" loading=\"lazy\" srcset=\"https:\/\/helix.com.br\/helix\/procondutor\/wp-content\/uploads\/2020\/09\/marketing_imagem.png 466w, https:\/\/helix.com.br\/helix\/procondutor\/wp-content\/uploads\/2020\/09\/marketing_imagem-300x238.png 300w\" sizes=\"auto, (max-width: 466px) 100vw, 466px\"><br \/>\n<img loading=\"lazy\" decoding=\"async\" width=\"20\" height=\"22\" src=\"https:\/\/helix.com.br\/helix\/procondutor\/wp-content\/uploads\/2020\/08\/seta.png\" alt=\"\" loading=\"lazy\"><\/p>\n<h1>Vender na Vitrine CFC \u00e9 muito f\u00e1cil!<\/h1>\n<figure><img decoding=\"async\" src=\"https:\/\/helix.com.br\/helix\/procondutor\/wp-content\/uploads\/2020\/09\/icons_marketplace1.png\" alt=\"icons_marketplace1\"><figcaption>Cadastre-se<br \/>\nFa\u00e7a seu cadastro, informando seus dados<\/figcaption><\/figure>\n<figure><img decoding=\"async\" src=\"https:\/\/helix.com.br\/helix\/procondutor\/wp-content\/uploads\/2020\/09\/icons_marketplace2.png\" alt=\"icons_marketplace2\"><figcaption>An\u00e1lise<br \/>\nIremos analisar as suas informa\u00e7\u00f5es<\/figcaption><\/figure>\n<figure><img decoding=\"async\" src=\"https:\/\/helix.com.br\/helix\/procondutor\/wp-content\/uploads\/2020\/09\/icons_marketplace3.png\" alt=\"icons_marketplace3\"><figcaption>Personalize<br \/>\nConfigure o seu CFC subindo os cursos dispon\u00edveis na plataforma<\/figcaption><\/figure>\n<figure><img decoding=\"async\" src=\"https:\/\/helix.com.br\/helix\/procondutor\/wp-content\/uploads\/2020\/09\/icons_marketplace4.png\" alt=\"icons_marketplace4\"><figcaption>Venda muito mais<br \/>\nAcompanhe suas matr\u00edculas e receba pelo PagSeguro<\/figcaption><\/figure>\n<p>Anterior<br \/>\nPr\u00f3ximo<\/p>\n<h1>Vantagens para quem vende conosco<\/h1>\n<figure><img loading=\"lazy\" decoding=\"async\" width=\"53\" height=\"53\" src=\"https:\/\/helix.com.br\/helix\/procondutor\/wp-content\/uploads\/2020\/09\/icon_mkt_vantagens1.png\" alt=\"\" loading=\"lazy\"><\/figure>\n<p>Alta Visibilidade<\/p>\n<p>Quanto mais pessoas visualizam seus cursos, mais chance voc\u00ea ter\u00e1 de vender!<\/p>\n<figure><img loading=\"lazy\" decoding=\"async\" width=\"56\" height=\"56\" src=\"https:\/\/helix.com.br\/helix\/procondutor\/wp-content\/uploads\/2020\/09\/icon_mkt_vantagens2.png\" alt=\"\" loading=\"lazy\"><\/figure>\n<p>N\u00e3o precisa investir em Marketing<\/p>\n<p>O seu CFC n\u00e3o precisa fazer este investimento. Todo o trabalho e investimento para capta\u00e7\u00e3o de cliente \u00e9 nosso!<\/p>\n<p><a href=\"#\" role=\"button\"><br \/>\nCadastre o seu CFC<br \/>\n<\/a><\/p>\n<figure><img loading=\"lazy\" decoding=\"async\" width=\"95\" height=\"93\" src=\"https:\/\/helix.com.br\/helix\/procondutor\/wp-content\/uploads\/2020\/08\/seta-pontilhada_verde.png\" alt=\"\" loading=\"lazy\"><\/figure>\n<h1>Onde atuamos<\/h1>\n<p><b>Alagoas<br \/>\nParan\u00e1<br \/>\nRio Grande do Sul<br \/>\nRio de Janeiro<br \/>\nS\u00e3o Paulo<\/b><\/p>\n<p>Em Breve&#8230;<\/p>\n<p>Santa Catarina<br \/>\nMato Grosso do Sul<br \/>\nPernambuco<br \/>\nMinas Gerais<\/p>\n<p><img loading=\"lazy\" decoding=\"async\" width=\"439\" height=\"418\" src=\"https:\/\/helix.com.br\/helix\/procondutor\/wp-content\/uploads\/2020\/11\/mapa.png\" alt=\"Estados atendidos pela Procondutor\" loading=\"lazy\" srcset=\"https:\/\/helix.com.br\/helix\/procondutor\/wp-content\/uploads\/2020\/11\/mapa.png 439w, https:\/\/helix.com.br\/helix\/procondutor\/wp-content\/uploads\/2020\/11\/mapa-300x286.png 300w\" sizes=\"auto, (max-width: 439px) 100vw, 439px\"><br \/>\n<a href=\"#\" role=\"button\"><br \/>\nAvise-me quando chegar no meu estado!<br \/>\n<\/a><\/p>\n<h1>Onde atuamos<\/h1>\n<p><b>Alagoas<br \/>\nParan\u00e1<br \/>\nRio Grande do Sul<br \/>\nRio de Janeiro<br \/>\nS\u00e3o Paulo<\/b><\/p>\n<p>Em Breve&#8230;<\/p>\n<p>Santa Catarina<br \/>\nMato Grosso do Sul<br \/>\nPernambuco<br \/>\nMinas Gerais<\/p>\n<p><img loading=\"lazy\" decoding=\"async\" width=\"439\" height=\"418\" src=\"https:\/\/helix.com.br\/helix\/procondutor\/wp-content\/uploads\/2020\/11\/mapa.png\" alt=\"Estados atendidos pela Procondutor\" loading=\"lazy\" srcset=\"https:\/\/helix.com.br\/helix\/procondutor\/wp-content\/uploads\/2020\/11\/mapa.png 439w, https:\/\/helix.com.br\/helix\/procondutor\/wp-content\/uploads\/2020\/11\/mapa-300x286.png 300w\" sizes=\"auto, (max-width: 439px) 100vw, 439px\"><br \/>\n<a href=\"#\" role=\"button\"><br \/>\nAvise-me quando chegar no meu estado!<br \/>\n<\/a><\/p>\n","protected":false},"excerpt":{"rendered":"<p>&gt;&gt;&nbsp; NOSSAS SOLU\u00c7\u00d5ES VITRINE CFC AL, PA, RS, RJ e SP Aumente o seu faturamento! A Vitrine CFC \u00e9 um canal de vendas que permite&hellip;<\/p>\n","protected":false},"author":1,"featured_media":0,"parent":0,"menu_order":0,"comment_status":"closed","ping_status":"closed","template":"","meta":{"footnotes":""},"class_list":["post-13","page","type-page","status-publish","hentry"],"yoast_head":"<!-- This site is optimized with the Yoast SEO plugin v21.3 - https:\/\/yoast.com\/wordpress\/plugins\/seo\/ -->\n<title>Vitrine CFC - Procondutor<\/title>\n<meta name=\"description\" content=\"A Vitrine CFC \u00e9 um canal de vendas que permite que voc\u00ea crie sua loja dentro da maior plataforma de CFCs do Brasil!\" \/>\n<meta name=\"robots\" content=\"index, follow, max-snippet:-1, max-image-preview:large, max-video-preview:-1\" \/>\n<link rel=\"canonical\" href=\"https:\/\/helix.com.br\/helix\/procondutor\/vitrine-cfc\/\" \/>\n<meta property=\"og:locale\" content=\"pt_BR\" \/>\n<meta property=\"og:type\" content=\"article\" \/>\n<meta property=\"og:title\" content=\"Vitrine CFC - Procondutor\" \/>\n<meta property=\"og:description\" content=\"A Vitrine CFC \u00e9 um canal de vendas que permite que voc\u00ea crie sua loja dentro da maior plataforma de CFCs do Brasil!\" \/>\n<meta property=\"og:url\" content=\"https:\/\/helix.com.br\/helix\/procondutor\/vitrine-cfc\/\" \/>\n<meta property=\"og:site_name\" content=\"Procondutor\" \/>\n<meta property=\"article:modified_time\" content=\"2022-02-16T20:18:32+00:00\" \/>\n<meta property=\"og:image\" content=\"https:\/\/helix.com.br\/helix\/procondutor\/wp-content\/uploads\/2020\/08\/seta.png\" \/>\n<meta name=\"twitter:card\" content=\"summary_large_image\" \/>\n<meta name=\"twitter:label1\" content=\"Est. tempo de leitura\" \/>\n\t<meta name=\"twitter:data1\" content=\"4 minutos\" \/>\n<script type=\"application\/ld+json\" class=\"yoast-schema-graph\">{\"@context\":\"https:\/\/schema.org\",\"@graph\":[{\"@type\":\"WebPage\",\"@id\":\"https:\/\/helix.com.br\/helix\/procondutor\/vitrine-cfc\/\",\"url\":\"https:\/\/helix.com.br\/helix\/procondutor\/vitrine-cfc\/\",\"name\":\"Vitrine CFC - Procondutor\",\"isPartOf\":{\"@id\":\"https:\/\/helix.com.br\/helix\/procondutor\/#website\"},\"datePublished\":\"2020-08-31T23:29:48+00:00\",\"dateModified\":\"2022-02-16T20:18:32+00:00\",\"description\":\"A Vitrine CFC \u00e9 um canal de vendas que permite que voc\u00ea crie sua loja dentro da maior plataforma de CFCs do Brasil!\",\"breadcrumb\":{\"@id\":\"https:\/\/helix.com.br\/helix\/procondutor\/vitrine-cfc\/#breadcrumb\"},\"inLanguage\":\"pt-BR\",\"potentialAction\":[{\"@type\":\"ReadAction\",\"target\":[\"https:\/\/helix.com.br\/helix\/procondutor\/vitrine-cfc\/\"]}]},{\"@type\":\"BreadcrumbList\",\"@id\":\"https:\/\/helix.com.br\/helix\/procondutor\/vitrine-cfc\/#breadcrumb\",\"itemListElement\":[{\"@type\":\"ListItem\",\"position\":1,\"name\":\"In\u00edcio\",\"item\":\"https:\/\/helix.com.br\/helix\/procondutor\/\"},{\"@type\":\"ListItem\",\"position\":2,\"name\":\"Vitrine CFC\"}]},{\"@type\":\"WebSite\",\"@id\":\"https:\/\/helix.com.br\/helix\/procondutor\/#website\",\"url\":\"https:\/\/helix.com.br\/helix\/procondutor\/\",\"name\":\"Procondutor\",\"description\":\"Plataforma de educa\u00e7\u00e3o da Procondutor\",\"publisher\":{\"@id\":\"https:\/\/helix.com.br\/helix\/procondutor\/#organization\"},\"potentialAction\":[{\"@type\":\"SearchAction\",\"target\":{\"@type\":\"EntryPoint\",\"urlTemplate\":\"https:\/\/helix.com.br\/helix\/procondutor\/?s={search_term_string}\"},\"query-input\":\"required name=search_term_string\"}],\"inLanguage\":\"pt-BR\"},{\"@type\":\"Organization\",\"@id\":\"https:\/\/helix.com.br\/helix\/procondutor\/#organization\",\"name\":\"Procondutor\",\"url\":\"https:\/\/helix.com.br\/helix\/procondutor\/\",\"logo\":{\"@type\":\"ImageObject\",\"inLanguage\":\"pt-BR\",\"@id\":\"https:\/\/helix.com.br\/helix\/procondutor\/#\/schema\/logo\/image\/\",\"url\":\"https:\/\/helix.com.br\/helix\/procondutor\/wp-content\/uploads\/2020\/08\/logo.png\",\"contentUrl\":\"https:\/\/helix.com.br\/helix\/procondutor\/wp-content\/uploads\/2020\/08\/logo.png\",\"width\":175,\"height\":25,\"caption\":\"Procondutor\"},\"image\":{\"@id\":\"https:\/\/helix.com.br\/helix\/procondutor\/#\/schema\/logo\/image\/\"}}]}<\/script>\n<!-- \/ Yoast SEO plugin. -->","yoast_head_json":{"title":"Vitrine CFC - Procondutor","description":"A Vitrine CFC \u00e9 um canal de vendas que permite que voc\u00ea crie sua loja dentro da maior plataforma de CFCs do Brasil!","robots":{"index":"index","follow":"follow","max-snippet":"max-snippet:-1","max-image-preview":"max-image-preview:large","max-video-preview":"max-video-preview:-1"},"canonical":"https:\/\/helix.com.br\/helix\/procondutor\/vitrine-cfc\/","og_locale":"pt_BR","og_type":"article","og_title":"Vitrine CFC - Procondutor","og_description":"A Vitrine CFC \u00e9 um canal de vendas que permite que voc\u00ea crie sua loja dentro da maior plataforma de CFCs do Brasil!","og_url":"https:\/\/helix.com.br\/helix\/procondutor\/vitrine-cfc\/","og_site_name":"Procondutor","article_modified_time":"2022-02-16T20:18:32+00:00","og_image":[{"url":"https:\/\/helix.com.br\/helix\/procondutor\/wp-content\/uploads\/2020\/08\/seta.png"}],"twitter_card":"summary_large_image","twitter_misc":{"Est. tempo de leitura":"4 minutos"},"schema":{"@context":"https:\/\/schema.org","@graph":[{"@type":"WebPage","@id":"https:\/\/helix.com.br\/helix\/procondutor\/vitrine-cfc\/","url":"https:\/\/helix.com.br\/helix\/procondutor\/vitrine-cfc\/","name":"Vitrine CFC - Procondutor","isPartOf":{"@id":"https:\/\/helix.com.br\/helix\/procondutor\/#website"},"datePublished":"2020-08-31T23:29:48+00:00","dateModified":"2022-02-16T20:18:32+00:00","description":"A Vitrine CFC \u00e9 um canal de vendas que permite que voc\u00ea crie sua loja dentro da maior plataforma de CFCs do Brasil!","breadcrumb":{"@id":"https:\/\/helix.com.br\/helix\/procondutor\/vitrine-cfc\/#breadcrumb"},"inLanguage":"pt-BR","potentialAction":[{"@type":"ReadAction","target":["https:\/\/helix.com.br\/helix\/procondutor\/vitrine-cfc\/"]}]},{"@type":"BreadcrumbList","@id":"https:\/\/helix.com.br\/helix\/procondutor\/vitrine-cfc\/#breadcrumb","itemListElement":[{"@type":"ListItem","position":1,"name":"In\u00edcio","item":"https:\/\/helix.com.br\/helix\/procondutor\/"},{"@type":"ListItem","position":2,"name":"Vitrine CFC"}]},{"@type":"WebSite","@id":"https:\/\/helix.com.br\/helix\/procondutor\/#website","url":"https:\/\/helix.com.br\/helix\/procondutor\/","name":"Procondutor","description":"Plataforma de educa\u00e7\u00e3o da Procondutor","publisher":{"@id":"https:\/\/helix.com.br\/helix\/procondutor\/#organization"},"potentialAction":[{"@type":"SearchAction","target":{"@type":"EntryPoint","urlTemplate":"https:\/\/helix.com.br\/helix\/procondutor\/?s={search_term_string}"},"query-input":"required name=search_term_string"}],"inLanguage":"pt-BR"},{"@type":"Organization","@id":"https:\/\/helix.com.br\/helix\/procondutor\/#organization","name":"Procondutor","url":"https:\/\/helix.com.br\/helix\/procondutor\/","logo":{"@type":"ImageObject","inLanguage":"pt-BR","@id":"https:\/\/helix.com.br\/helix\/procondutor\/#\/schema\/logo\/image\/","url":"https:\/\/helix.com.br\/helix\/procondutor\/wp-content\/uploads\/2020\/08\/logo.png","contentUrl":"https:\/\/helix.com.br\/helix\/procondutor\/wp-content\/uploads\/2020\/08\/logo.png","width":175,"height":25,"caption":"Procondutor"},"image":{"@id":"https:\/\/helix.com.br\/helix\/procondutor\/#\/schema\/logo\/image\/"}}]}},"_links":{"self":[{"href":"https:\/\/helix.com.br\/helix\/procondutor\/wp-json\/wp\/v2\/pages\/13","targetHints":{"allow":["GET"]}}],"collection":[{"href":"https:\/\/helix.com.br\/helix\/procondutor\/wp-json\/wp\/v2\/pages"}],"about":[{"href":"https:\/\/helix.com.br\/helix\/procondutor\/wp-json\/wp\/v2\/types\/page"}],"author":[{"embeddable":true,"href":"https:\/\/helix.com.br\/helix\/procondutor\/wp-json\/wp\/v2\/users\/1"}],"replies":[{"embeddable":true,"href":"https:\/\/helix.com.br\/helix\/procondutor\/wp-json\/wp\/v2\/comments?post=13"}],"version-history":[{"count":0,"href":"https:\/\/helix.com.br\/helix\/procondutor\/wp-json\/wp\/v2\/pages\/13\/revisions"}],"wp:attachment":[{"href":"https:\/\/helix.com.br\/helix\/procondutor\/wp-json\/wp\/v2\/media?parent=13"}],"curies":[{"name":"wp","href":"https:\/\/api.w.org\/{rel}","templated":true}]}}