{"id":14,"date":"2020-08-31T20:29:44","date_gmt":"2020-08-31T23:29:44","guid":{"rendered":"https:\/\/helix.com.br\/helix\/procondutor\/?page_id=14"},"modified":"2024-12-20T17:45:47","modified_gmt":"2024-12-20T20:45:47","slug":"fale-conosco","status":"publish","type":"page","link":"https:\/\/helix.com.br\/helix\/procondutor\/fale-conosco\/","title":{"rendered":"Fale conosco"},"content":{"rendered":"\t\t<div data-elementor-type=\"wp-page\" data-elementor-id=\"14\" class=\"elementor elementor-14\">\n\t\t\t\t\t\t<section class=\"elementor-section elementor-top-section elementor-element elementor-element-771cc048 elementor-section-full_width elementor-section-items-top elementor-section-stretched elementor-section-height-min-height elementor-section-height-default\" data-id=\"771cc048\" data-element_type=\"section\" id=\"BANNER_ESTADO\" data-settings=\"{&quot;stretch_section&quot;:&quot;section-stretched&quot;,&quot;background_background&quot;:&quot;classic&quot;}\">\n\t\t\t\t\t\t<div class=\"elementor-container elementor-column-gap-default\">\n\t\t\t\t\t<div class=\"elementor-column elementor-col-100 elementor-top-column elementor-element elementor-element-6f37cf16\" data-id=\"6f37cf16\" data-element_type=\"column\">\n\t\t\t<div class=\"elementor-widget-wrap elementor-element-populated\">\n\t\t\t\t\t\t<section class=\"elementor-section elementor-inner-section elementor-element elementor-element-5ce7b4c6 elementor-section-boxed elementor-section-height-default elementor-section-height-default\" data-id=\"5ce7b4c6\" data-element_type=\"section\">\n\t\t\t\t\t\t<div class=\"elementor-container elementor-column-gap-default\">\n\t\t\t\t\t<div class=\"elementor-column elementor-col-50 elementor-inner-column elementor-element elementor-element-253c947d\" data-id=\"253c947d\" data-element_type=\"column\">\n\t\t\t<div class=\"elementor-widget-wrap elementor-element-populated\">\n\t\t\t\t\t\t<div class=\"elementor-element elementor-element-92da601 elementor-widget elementor-widget-text-editor\" data-id=\"92da601\" data-element_type=\"widget\" data-widget_type=\"text-editor.default\">\n\t\t\t\t<div class=\"elementor-widget-container\">\n\t\t\t\t\t\t\t<p>&gt;&gt;\u00a0 FALE CONOSCO<\/p>\t\t\t\t\t\t<\/div>\n\t\t\t\t<\/div>\n\t\t\t\t\t<\/div>\n\t\t<\/div>\n\t\t\t\t<div class=\"elementor-column elementor-col-50 elementor-inner-column elementor-element elementor-element-52397cb6\" data-id=\"52397cb6\" data-element_type=\"column\">\n\t\t\t<div class=\"elementor-widget-wrap\">\n\t\t\t\t\t\t\t<\/div>\n\t\t<\/div>\n\t\t\t\t\t<\/div>\n\t\t<\/section>\n\t\t\t\t<div class=\"elementor-element elementor-element-6aa7e689 elementor-widget elementor-widget-spacer\" data-id=\"6aa7e689\" data-element_type=\"widget\" data-widget_type=\"spacer.default\">\n\t\t\t\t<div class=\"elementor-widget-container\">\n\t\t\t\t\t<div class=\"elementor-spacer\">\n\t\t\t<div class=\"elementor-spacer-inner\"><\/div>\n\t\t<\/div>\n\t\t\t\t<\/div>\n\t\t\t\t<\/div>\n\t\t\t\t\t<\/div>\n\t\t<\/div>\n\t\t\t\t\t<\/div>\n\t\t<\/section>\n\t\t\t\t<section class=\"elementor-section elementor-top-section elementor-element elementor-element-f11c167 elementor-section-boxed elementor-section-height-default elementor-section-height-default\" data-id=\"f11c167\" data-element_type=\"section\">\n\t\t\t\t\t\t<div class=\"elementor-container elementor-column-gap-default\">\n\t\t\t\t\t<div class=\"elementor-column elementor-col-100 elementor-top-column elementor-element elementor-element-43fe09f\" data-id=\"43fe09f\" data-element_type=\"column\">\n\t\t\t<div class=\"elementor-widget-wrap elementor-element-populated\">\n\t\t\t\t\t\t<div class=\"elementor-element elementor-element-6cb349b elementor-widget elementor-widget-image\" data-id=\"6cb349b\" data-element_type=\"widget\" data-widget_type=\"image.default\">\n\t\t\t\t<div class=\"elementor-widget-container\">\n\t\t\t\t\t\t\t\t\t\t\t\t\t<img decoding=\"async\" width=\"20\" height=\"22\" src=\"https:\/\/helix.com.br\/helix\/procondutor\/wp-content\/uploads\/2020\/08\/seta.png\" class=\"attachment-large size-large wp-image-97\" alt=\"\" \/>\t\t\t\t\t\t\t\t\t\t\t\t\t<\/div>\n\t\t\t\t<\/div>\n\t\t\t\t<div class=\"elementor-element elementor-element-9602eb7 elementor-widget elementor-widget-text-editor\" data-id=\"9602eb7\" data-element_type=\"widget\" data-widget_type=\"text-editor.default\">\n\t\t\t\t<div class=\"elementor-widget-container\">\n\t\t\t\t\t\t\t<h1><span class=\"verde\">Fale com a gente!<\/span><\/h1>\t\t\t\t\t\t<\/div>\n\t\t\t\t<\/div>\n\t\t\t\t<section class=\"elementor-section elementor-inner-section elementor-element elementor-element-15d7ddd elementor-section-boxed elementor-section-height-default elementor-section-height-default\" data-id=\"15d7ddd\" data-element_type=\"section\">\n\t\t\t\t\t\t<div class=\"elementor-container elementor-column-gap-default\">\n\t\t\t\t\t<div class=\"elementor-column elementor-col-33 elementor-inner-column elementor-element elementor-element-fcd722f\" data-id=\"fcd722f\" data-element_type=\"column\">\n\t\t\t<div class=\"elementor-widget-wrap elementor-element-populated\">\n\t\t\t\t\t\t<div class=\"elementor-element elementor-element-162a5ff elementor-widget elementor-widget-image\" data-id=\"162a5ff\" data-element_type=\"widget\" data-widget_type=\"image.default\">\n\t\t\t\t<div class=\"elementor-widget-container\">\n\t\t\t\t\t\t\t\t\t\t\t\t\t<img decoding=\"async\" width=\"66\" height=\"47\" src=\"https:\/\/helix.com.br\/helix\/procondutor\/wp-content\/uploads\/2020\/08\/cfc.png\" class=\"attachment-large size-large wp-image-83\" alt=\"\" \/>\t\t\t\t\t\t\t\t\t\t\t\t\t<\/div>\n\t\t\t\t<\/div>\n\t\t\t\t<div class=\"elementor-element elementor-element-ad78dc8 elementor-widget elementor-widget-heading\" data-id=\"ad78dc8\" data-element_type=\"widget\" data-widget_type=\"heading.default\">\n\t\t\t\t<div class=\"elementor-widget-container\">\n\t\t\t<h2 class=\"elementor-heading-title elementor-size-default\">CFCs Credenciados<\/h2>\t\t<\/div>\n\t\t\t\t<\/div>\n\t\t\t\t<div class=\"elementor-element elementor-element-2d20b92 elementor-align-center elementor-widget elementor-widget-button\" data-id=\"2d20b92\" data-element_type=\"widget\" data-widget_type=\"button.default\">\n\t\t\t\t<div class=\"elementor-widget-container\">\n\t\t\t\t\t\t\t<div class=\"elementor-button-wrapper\">\n\t\t\t\t\t<a class=\"elementor-button elementor-button-link elementor-size-sm\" href=\"https:\/\/api.whatsapp.com\/send\/?phone=551130147740&#038;text&#038;type=phone_number&#038;app_absent=0\" target=\"_blank\">\n\t\t\t\t\t\t<span class=\"elementor-button-content-wrapper\">\n\t\t\t\t\t\t\t\t\t<span class=\"elementor-button-text\">WhatsApp<\/span>\n\t\t\t\t\t<\/span>\n\t\t\t\t\t<\/a>\n\t\t\t\t<\/div>\n\t\t\t\t\t\t<\/div>\n\t\t\t\t<\/div>\n\t\t\t\t<div class=\"elementor-element elementor-element-d39220a elementor-align-center elementor-widget elementor-widget-button\" data-id=\"d39220a\" data-element_type=\"widget\" data-widget_type=\"button.default\">\n\t\t\t\t<div class=\"elementor-widget-container\">\n\t\t\t\t\t\t\t<div class=\"elementor-button-wrapper\">\n\t\t\t\t\t<a class=\"elementor-button elementor-button-link elementor-size-sm\" href=\"https:\/\/prosimulador.chat.blip.ai\/?appKey=cHJvY29uZHV0b3Jyb3V0ZXI6MWY1MTFjNWQtOGI3NS00MDIzLTgxMGMtNjdmYTc3YTY1MmNi&#038;_gl=1*1b9zb6t*_ga*MTI5NjAxNDUwNS4xNzIyOTUzMzgz*_ga_8GVWK8YMGL*MTczNDY0NDA0MS45LjEuMTczNDY0NDUzNi4xOC4wLjUzOTY1NDUxMw..*_gcl_au*MTU2NDMzNzYxMC4xNzMxNDE1MzE0LjExMjQzNTc4MjQuMTczNDYzNjk3MS4xNzM0NjM3MDY5\" target=\"_blank\">\n\t\t\t\t\t\t<span class=\"elementor-button-content-wrapper\">\n\t\t\t\t\t\t<span class=\"elementor-button-icon\">\n\t\t\t\t<i aria-hidden=\"true\" class=\"fas fa-angle-right\"><\/i>\t\t\t<\/span>\n\t\t\t\t\t\t\t\t\t<span class=\"elementor-button-text\">Acesse nosso chat<\/span>\n\t\t\t\t\t<\/span>\n\t\t\t\t\t<\/a>\n\t\t\t\t<\/div>\n\t\t\t\t\t\t<\/div>\n\t\t\t\t<\/div>\n\t\t\t\t<div class=\"elementor-element elementor-element-250af9b elementor-widget elementor-widget-text-editor\" data-id=\"250af9b\" data-element_type=\"widget\" data-widget_type=\"text-editor.default\">\n\t\t\t\t<div class=\"elementor-widget-container\">\n\t\t\t\t\t\t\t<p><strong style=\"color: var( --e-global-color-text ); font-family: var( --e-global-typography-text-font-family ), Sans-serif;\">Hor\u00e1rios de funcionamento<br \/><\/strong><span style=\"color: var( --e-global-color-text ); font-family: var( --e-global-typography-text-font-family ), Sans-serif; font-weight: var( --e-global-typography-text-font-weight );\">Dia de semana: 7h \u00e0s 21h<br \/><\/span>S\u00e1bados: 7h \u00e0s 13h20<\/p>\t\t\t\t\t\t<\/div>\n\t\t\t\t<\/div>\n\t\t\t\t\t<\/div>\n\t\t<\/div>\n\t\t\t\t<div class=\"elementor-column elementor-col-33 elementor-inner-column elementor-element elementor-element-c0bb326\" data-id=\"c0bb326\" data-element_type=\"column\">\n\t\t\t<div class=\"elementor-widget-wrap elementor-element-populated\">\n\t\t\t\t\t\t<div class=\"elementor-element elementor-element-962ddce elementor-widget elementor-widget-image\" data-id=\"962ddce\" data-element_type=\"widget\" data-widget_type=\"image.default\">\n\t\t\t\t<div class=\"elementor-widget-container\">\n\t\t\t\t\t\t\t\t\t\t\t\t\t<img decoding=\"async\" width=\"63\" height=\"55\" src=\"https:\/\/helix.com.br\/helix\/procondutor\/wp-content\/uploads\/2020\/08\/sporte-aluno.png\" class=\"attachment-large size-large wp-image-100\" alt=\"\" \/>\t\t\t\t\t\t\t\t\t\t\t\t\t<\/div>\n\t\t\t\t<\/div>\n\t\t\t\t<div class=\"elementor-element elementor-element-2e4532f elementor-widget elementor-widget-heading\" data-id=\"2e4532f\" data-element_type=\"widget\" data-widget_type=\"heading.default\">\n\t\t\t\t<div class=\"elementor-widget-container\">\n\t\t\t<h2 class=\"elementor-heading-title elementor-size-default\">SUPORTE AO ALUNO<\/h2>\t\t<\/div>\n\t\t\t\t<\/div>\n\t\t\t\t<div class=\"elementor-element elementor-element-c950cce elementor-align-center elementor-widget elementor-widget-button\" data-id=\"c950cce\" data-element_type=\"widget\" data-widget_type=\"button.default\">\n\t\t\t\t<div class=\"elementor-widget-container\">\n\t\t\t\t\t\t\t<div class=\"elementor-button-wrapper\">\n\t\t\t\t\t<a class=\"elementor-button elementor-button-link elementor-size-sm\" href=\"https:\/\/api.whatsapp.com\/send\/?phone=551130147740&#038;text&#038;type=phone_number&#038;app_absent=0\" target=\"_blank\">\n\t\t\t\t\t\t<span class=\"elementor-button-content-wrapper\">\n\t\t\t\t\t\t\t\t\t<span class=\"elementor-button-text\">WhatsApp<\/span>\n\t\t\t\t\t<\/span>\n\t\t\t\t\t<\/a>\n\t\t\t\t<\/div>\n\t\t\t\t\t\t<\/div>\n\t\t\t\t<\/div>\n\t\t\t\t<div class=\"elementor-element elementor-element-7ba5f73 elementor-widget elementor-widget-text-editor\" data-id=\"7ba5f73\" data-element_type=\"widget\" data-widget_type=\"text-editor.default\">\n\t\t\t\t<div class=\"elementor-widget-container\">\n\t\t\t\t\t\t\t<p><strong>Hor\u00e1rios de funcionamento<\/strong><br \/>Dia de semana: 7h \u00e0s 21h<br \/>S\u00e1bados: 7h \u00e0s 13h20<\/p>\t\t\t\t\t\t<\/div>\n\t\t\t\t<\/div>\n\t\t\t\t\t<\/div>\n\t\t<\/div>\n\t\t\t\t<div class=\"elementor-column elementor-col-33 elementor-inner-column elementor-element elementor-element-5b4377d\" data-id=\"5b4377d\" data-element_type=\"column\">\n\t\t\t<div class=\"elementor-widget-wrap elementor-element-populated\">\n\t\t\t\t\t\t<div class=\"elementor-element elementor-element-1792726 elementor-widget elementor-widget-image\" data-id=\"1792726\" data-element_type=\"widget\" data-widget_type=\"image.default\">\n\t\t\t\t<div class=\"elementor-widget-container\">\n\t\t\t\t\t\t\t\t\t\t\t\t\t<img decoding=\"async\" width=\"63\" height=\"55\" src=\"https:\/\/helix.com.br\/helix\/procondutor\/wp-content\/uploads\/2020\/08\/sporte-aluno.png\" class=\"attachment-large size-large wp-image-100\" alt=\"\" \/>\t\t\t\t\t\t\t\t\t\t\t\t\t<\/div>\n\t\t\t\t<\/div>\n\t\t\t\t<div class=\"elementor-element elementor-element-5af86e2 elementor-widget elementor-widget-heading\" data-id=\"5af86e2\" data-element_type=\"widget\" data-widget_type=\"heading.default\">\n\t\t\t\t<div class=\"elementor-widget-container\">\n\t\t\t<h2 class=\"elementor-heading-title elementor-size-default\">Leve a Procondutor para,<br>o seu CFC<\/h2>\t\t<\/div>\n\t\t\t\t<\/div>\n\t\t\t\t<div class=\"elementor-element elementor-element-72ca607 elementor-widget elementor-widget-text-editor\" data-id=\"72ca607\" data-element_type=\"widget\" data-widget_type=\"text-editor.default\">\n\t\t\t\t<div class=\"elementor-widget-container\">\n\t\t\t\t\t\t\t<p style=\"text-align: center;\"><span style=\"font-size: 16px; text-align: center; background-color: #ffffff;\">Baixe a nossa\u00a0<\/span><span style=\"font-weight: bolder; font-size: 16px; text-align: center; background-color: #ffffff;\">Apresenta\u00e7\u00e3o<\/span><br style=\"font-size: 16px; text-align: center; background-color: #ffffff;\" \/><span style=\"font-weight: bolder; font-size: 16px; text-align: center; background-color: #ffffff;\">Institucional<\/span><span style=\"font-size: 16px; text-align: center; background-color: #ffffff;\">\u00a0Procondutor<\/span><\/p>\t\t\t\t\t\t<\/div>\n\t\t\t\t<\/div>\n\t\t\t\t<div class=\"elementor-element elementor-element-605e149 elementor-align-center elementor-widget elementor-widget-button\" data-id=\"605e149\" data-element_type=\"widget\" data-widget_type=\"button.default\">\n\t\t\t\t<div class=\"elementor-widget-container\">\n\t\t\t\t\t\t\t<div class=\"elementor-button-wrapper\">\n\t\t\t\t\t<a class=\"elementor-button elementor-button-link elementor-size-sm\" href=\"https:\/\/helix.com.br\/helix\/procondutor\/wp-content\/uploads\/2021\/05\/Relacoes-Institucionais.pdf\" target=\"_blank\">\n\t\t\t\t\t\t<span class=\"elementor-button-content-wrapper\">\n\t\t\t\t\t\t<span class=\"elementor-button-icon\">\n\t\t\t\t<i aria-hidden=\"true\" class=\"fas fa-angle-right\"><\/i>\t\t\t<\/span>\n\t\t\t\t\t\t\t\t\t<span class=\"elementor-button-text\">Clique aqui<\/span>\n\t\t\t\t\t<\/span>\n\t\t\t\t\t<\/a>\n\t\t\t\t<\/div>\n\t\t\t\t\t\t<\/div>\n\t\t\t\t<\/div>\n\t\t\t\t<div class=\"elementor-element elementor-element-1f69c41 elementor-widget elementor-widget-text-editor\" data-id=\"1f69c41\" data-element_type=\"widget\" data-widget_type=\"text-editor.default\">\n\t\t\t\t<div class=\"elementor-widget-container\">\n\t\t\t\t\t\t\t<p><span class=\"ui-provider a b c d e f g h i j k l m n o p q r s t u v w x y z ab ac ae af ag ah ai aj ak\" dir=\"ltr\">11 <strong>99596-9665<\/strong><\/span><br \/><strong>comercial<\/strong>@helix.com.br<\/p>\t\t\t\t\t\t<\/div>\n\t\t\t\t<\/div>\n\t\t\t\t\t<\/div>\n\t\t<\/div>\n\t\t\t\t\t<\/div>\n\t\t<\/section>\n\t\t\t\t\t<\/div>\n\t\t<\/div>\n\t\t\t\t\t<\/div>\n\t\t<\/section>\n\t\t\t\t<\/div>\n\t\t","protected":false},"excerpt":{"rendered":"<p>&gt;&gt;\u00a0 FALE CONOSCO Fale com a gente! CFCs Credenciados WhatsApp Acesse nosso chat Hor\u00e1rios de funcionamentoDia de semana: 7h \u00e0s 21hS\u00e1bados: 7h \u00e0s 13h20 SUPORTE&hellip;<\/p>\n","protected":false},"author":1,"featured_media":0,"parent":0,"menu_order":0,"comment_status":"closed","ping_status":"closed","template":"","meta":{"footnotes":""},"class_list":["post-14","page","type-page","status-publish","hentry"],"yoast_head":"<!-- This site is optimized with the Yoast SEO plugin v21.3 - https:\/\/yoast.com\/wordpress\/plugins\/seo\/ -->\n<title>Fale conosco - Procondutor<\/title>\n<meta name=\"description\" content=\"Nosso time est\u00e1 pronto para te atender em nossos canais de atendimento para: Suporte ao Aluno, Suporte ao CFC e Comercial.\" \/>\n<meta name=\"robots\" content=\"index, follow, max-snippet:-1, max-image-preview:large, max-video-preview:-1\" \/>\n<link rel=\"canonical\" href=\"https:\/\/helix.com.br\/helix\/procondutor\/fale-conosco\/\" \/>\n<meta property=\"og:locale\" content=\"pt_BR\" \/>\n<meta property=\"og:type\" content=\"article\" \/>\n<meta property=\"og:title\" content=\"Fale conosco - Procondutor\" \/>\n<meta property=\"og:description\" content=\"Nosso time est\u00e1 pronto para te atender em nossos canais de atendimento para: Suporte ao Aluno, Suporte ao CFC e Comercial.\" \/>\n<meta property=\"og:url\" content=\"https:\/\/helix.com.br\/helix\/procondutor\/fale-conosco\/\" \/>\n<meta property=\"og:site_name\" content=\"Procondutor\" \/>\n<meta property=\"article:modified_time\" content=\"2024-12-20T20:45:47+00:00\" \/>\n<meta property=\"og:image\" content=\"https:\/\/helix.com.br\/helix\/procondutor\/wp-content\/uploads\/2020\/08\/seta.png\" \/>\n<meta name=\"twitter:card\" content=\"summary_large_image\" \/>\n<meta name=\"twitter:label1\" content=\"Est. tempo de leitura\" \/>\n\t<meta name=\"twitter:data1\" content=\"2 minutos\" \/>\n<script type=\"application\/ld+json\" class=\"yoast-schema-graph\">{\"@context\":\"https:\/\/schema.org\",\"@graph\":[{\"@type\":\"WebPage\",\"@id\":\"https:\/\/helix.com.br\/helix\/procondutor\/fale-conosco\/\",\"url\":\"https:\/\/helix.com.br\/helix\/procondutor\/fale-conosco\/\",\"name\":\"Fale conosco - Procondutor\",\"isPartOf\":{\"@id\":\"https:\/\/helix.com.br\/helix\/procondutor\/#website\"},\"datePublished\":\"2020-08-31T23:29:44+00:00\",\"dateModified\":\"2024-12-20T20:45:47+00:00\",\"description\":\"Nosso time est\u00e1 pronto para te atender em nossos canais de atendimento para: Suporte ao Aluno, Suporte ao CFC e Comercial.\",\"breadcrumb\":{\"@id\":\"https:\/\/helix.com.br\/helix\/procondutor\/fale-conosco\/#breadcrumb\"},\"inLanguage\":\"pt-BR\",\"potentialAction\":[{\"@type\":\"ReadAction\",\"target\":[\"https:\/\/helix.com.br\/helix\/procondutor\/fale-conosco\/\"]}]},{\"@type\":\"BreadcrumbList\",\"@id\":\"https:\/\/helix.com.br\/helix\/procondutor\/fale-conosco\/#breadcrumb\",\"itemListElement\":[{\"@type\":\"ListItem\",\"position\":1,\"name\":\"In\u00edcio\",\"item\":\"https:\/\/helix.com.br\/helix\/procondutor\/\"},{\"@type\":\"ListItem\",\"position\":2,\"name\":\"Fale conosco\"}]},{\"@type\":\"WebSite\",\"@id\":\"https:\/\/helix.com.br\/helix\/procondutor\/#website\",\"url\":\"https:\/\/helix.com.br\/helix\/procondutor\/\",\"name\":\"Procondutor\",\"description\":\"Plataforma de educa\u00e7\u00e3o da Procondutor\",\"publisher\":{\"@id\":\"https:\/\/helix.com.br\/helix\/procondutor\/#organization\"},\"potentialAction\":[{\"@type\":\"SearchAction\",\"target\":{\"@type\":\"EntryPoint\",\"urlTemplate\":\"https:\/\/helix.com.br\/helix\/procondutor\/?s={search_term_string}\"},\"query-input\":\"required name=search_term_string\"}],\"inLanguage\":\"pt-BR\"},{\"@type\":\"Organization\",\"@id\":\"https:\/\/helix.com.br\/helix\/procondutor\/#organization\",\"name\":\"Procondutor\",\"url\":\"https:\/\/helix.com.br\/helix\/procondutor\/\",\"logo\":{\"@type\":\"ImageObject\",\"inLanguage\":\"pt-BR\",\"@id\":\"https:\/\/helix.com.br\/helix\/procondutor\/#\/schema\/logo\/image\/\",\"url\":\"https:\/\/helix.com.br\/helix\/procondutor\/wp-content\/uploads\/2020\/08\/logo.png\",\"contentUrl\":\"https:\/\/helix.com.br\/helix\/procondutor\/wp-content\/uploads\/2020\/08\/logo.png\",\"width\":175,\"height\":25,\"caption\":\"Procondutor\"},\"image\":{\"@id\":\"https:\/\/helix.com.br\/helix\/procondutor\/#\/schema\/logo\/image\/\"}}]}<\/script>\n<!-- \/ Yoast SEO plugin. -->","yoast_head_json":{"title":"Fale conosco - Procondutor","description":"Nosso time est\u00e1 pronto para te atender em nossos canais de atendimento para: Suporte ao Aluno, Suporte ao CFC e Comercial.","robots":{"index":"index","follow":"follow","max-snippet":"max-snippet:-1","max-image-preview":"max-image-preview:large","max-video-preview":"max-video-preview:-1"},"canonical":"https:\/\/helix.com.br\/helix\/procondutor\/fale-conosco\/","og_locale":"pt_BR","og_type":"article","og_title":"Fale conosco - Procondutor","og_description":"Nosso time est\u00e1 pronto para te atender em nossos canais de atendimento para: Suporte ao Aluno, Suporte ao CFC e Comercial.","og_url":"https:\/\/helix.com.br\/helix\/procondutor\/fale-conosco\/","og_site_name":"Procondutor","article_modified_time":"2024-12-20T20:45:47+00:00","og_image":[{"url":"https:\/\/helix.com.br\/helix\/procondutor\/wp-content\/uploads\/2020\/08\/seta.png"}],"twitter_card":"summary_large_image","twitter_misc":{"Est. tempo de leitura":"2 minutos"},"schema":{"@context":"https:\/\/schema.org","@graph":[{"@type":"WebPage","@id":"https:\/\/helix.com.br\/helix\/procondutor\/fale-conosco\/","url":"https:\/\/helix.com.br\/helix\/procondutor\/fale-conosco\/","name":"Fale conosco - Procondutor","isPartOf":{"@id":"https:\/\/helix.com.br\/helix\/procondutor\/#website"},"datePublished":"2020-08-31T23:29:44+00:00","dateModified":"2024-12-20T20:45:47+00:00","description":"Nosso time est\u00e1 pronto para te atender em nossos canais de atendimento para: Suporte ao Aluno, Suporte ao CFC e Comercial.","breadcrumb":{"@id":"https:\/\/helix.com.br\/helix\/procondutor\/fale-conosco\/#breadcrumb"},"inLanguage":"pt-BR","potentialAction":[{"@type":"ReadAction","target":["https:\/\/helix.com.br\/helix\/procondutor\/fale-conosco\/"]}]},{"@type":"BreadcrumbList","@id":"https:\/\/helix.com.br\/helix\/procondutor\/fale-conosco\/#breadcrumb","itemListElement":[{"@type":"ListItem","position":1,"name":"In\u00edcio","item":"https:\/\/helix.com.br\/helix\/procondutor\/"},{"@type":"ListItem","position":2,"name":"Fale conosco"}]},{"@type":"WebSite","@id":"https:\/\/helix.com.br\/helix\/procondutor\/#website","url":"https:\/\/helix.com.br\/helix\/procondutor\/","name":"Procondutor","description":"Plataforma de educa\u00e7\u00e3o da Procondutor","publisher":{"@id":"https:\/\/helix.com.br\/helix\/procondutor\/#organization"},"potentialAction":[{"@type":"SearchAction","target":{"@type":"EntryPoint","urlTemplate":"https:\/\/helix.com.br\/helix\/procondutor\/?s={search_term_string}"},"query-input":"required name=search_term_string"}],"inLanguage":"pt-BR"},{"@type":"Organization","@id":"https:\/\/helix.com.br\/helix\/procondutor\/#organization","name":"Procondutor","url":"https:\/\/helix.com.br\/helix\/procondutor\/","logo":{"@type":"ImageObject","inLanguage":"pt-BR","@id":"https:\/\/helix.com.br\/helix\/procondutor\/#\/schema\/logo\/image\/","url":"https:\/\/helix.com.br\/helix\/procondutor\/wp-content\/uploads\/2020\/08\/logo.png","contentUrl":"https:\/\/helix.com.br\/helix\/procondutor\/wp-content\/uploads\/2020\/08\/logo.png","width":175,"height":25,"caption":"Procondutor"},"image":{"@id":"https:\/\/helix.com.br\/helix\/procondutor\/#\/schema\/logo\/image\/"}}]}},"_links":{"self":[{"href":"https:\/\/helix.com.br\/helix\/procondutor\/wp-json\/wp\/v2\/pages\/14","targetHints":{"allow":["GET"]}}],"collection":[{"href":"https:\/\/helix.com.br\/helix\/procondutor\/wp-json\/wp\/v2\/pages"}],"about":[{"href":"https:\/\/helix.com.br\/helix\/procondutor\/wp-json\/wp\/v2\/types\/page"}],"author":[{"embeddable":true,"href":"https:\/\/helix.com.br\/helix\/procondutor\/wp-json\/wp\/v2\/users\/1"}],"replies":[{"embeddable":true,"href":"https:\/\/helix.com.br\/helix\/procondutor\/wp-json\/wp\/v2\/comments?post=14"}],"version-history":[{"count":0,"href":"https:\/\/helix.com.br\/helix\/procondutor\/wp-json\/wp\/v2\/pages\/14\/revisions"}],"wp:attachment":[{"href":"https:\/\/helix.com.br\/helix\/procondutor\/wp-json\/wp\/v2\/media?parent=14"}],"curies":[{"name":"wp","href":"https:\/\/api.w.org\/{rel}","templated":true}]}}